{"id":566,"date":"2024-06-23T02:25:12","date_gmt":"2024-06-23T00:25:12","guid":{"rendered":"http:\/\/horebnews.net\/?page_id=566"},"modified":"2024-06-23T02:41:49","modified_gmt":"2024-06-23T00:41:49","slug":"securite","status":"publish","type":"page","link":"https:\/\/horebnews.net\/index.php\/securite\/","title":{"rendered":"S\u00c9CURIT\u00c9"},"content":{"rendered":"                <div id=\"wpmagazine-modules-lite-post-list-block-3fb3ab46-58b3-4f7b-b5f1-f5882d9c802f\" class=\"wpmagazine-modules-lite-post-list-block alignwide block-3fb3ab46-58b3-4f7b-b5f1-f5882d9c802f cvmm-block cvmm-block-post-list--layout-default\">\r\n                        <div class=\"cvmm-post-wrapper cvmm-post--imagemargin column--one\">\r\n                        <article post-id=\"post-2679\" class=\"cvmm-post post-format--standard\" itemscope itemtype=\"http:\/\/schema.org\/articleBody\">\r\n                                                <div class=\"cvmm-post-thumb\">\r\n                                <a href=\"https:\/\/horebnews.net\/index.php\/securite\/reconquete-du-territoire-national-le-directeur-general-de-la-police-nationale-encourage-les-elements-a-diabo\/\" target=\"_self\"><img decoding=\"async\" src=\"https:\/\/horebnews.net\/wp-content\/uploads\/2026\/01\/607490955_1189905099990693_1178297384707975873_n-1.jpg\" alt=\"Reconqu\u00eate du territoire national : Le Directeur G\u00e9n\u00e9ral de la Police Nationale encourage les \u00e9l\u00e9ments \u00e0 Diabo.\"\/><\/a>\r\n                            <\/div>\r\n                    \r\n                <div class=\"cvmm-post-content-all-wrapper\">\r\n                                                <h2 class=\"cvmm-post-title\">\r\n                                <a href=\"https:\/\/horebnews.net\/index.php\/securite\/reconquete-du-territoire-national-le-directeur-general-de-la-police-nationale-encourage-les-elements-a-diabo\/\" target=\"_self\">\r\n                                    Reconqu\u00eate du territoire national : Le Directeur G\u00e9n\u00e9ral de la Police Nationale encourage les \u00e9l\u00e9ments \u00e0 Diabo.                                <\/a>\r\n                            <\/h2>\r\n                    \r\n                    <div class=\"cvmm-post-meta cvmm-meta-icon-show\">\r\n                        <span class=\"cvmm-post-date cvmm-post-meta-item\" itemprop=\"datePublished\"><a href=\"https:\/\/horebnews.net\/index.php\/securite\/reconquete-du-territoire-national-le-directeur-general-de-la-police-nationale-encourage-les-elements-a-diabo\/\" target=\"_self\">il y a 4 mois<\/a><\/span><span class=\"cvmm-post-author-name cvmm-post-meta-item\" itemprop=\"author\"><a href=\"https:\/\/horebnews.net\/index.php\/author\/demsco82\/\" target=\"_self\">Salvador Ki\u00e9br\u00e9<\/a><\/span><span class=\"cvmm-post-comments-wrap cvmm-post-meta-item\"><a href=\"https:\/\/horebnews.net\/index.php\/securite\/reconquete-du-territoire-national-le-directeur-general-de-la-police-nationale-encourage-les-elements-a-diabo\/\/#comments\" target=\"_self\">0<span class=\"cvmm-comment-txt\">Comments<\/span><\/a><\/span>                    <\/div>\r\n                    <div class=\"cvmm-post-content\" itemprop=\"description\">Le Directeur G\u00e9n\u00e9ral de la Police Nationale (DGPN), l\u2019Inspecteur G\u00e9n\u00e9ral de Police Thierry Dofizouho TUINA,\u2026<\/div><div class=\"cvmm-read-more\"><a href=\"https:\/\/horebnews.net\/index.php\/securite\/reconquete-du-territoire-national-le-directeur-general-de-la-police-nationale-encourage-les-elements-a-diabo\/\" target=\"_self\">LIRE PLUS<i class=\"fas fa-arrow-right\"><\/i><\/a><\/div>\r\n                <\/div><!-- .cvmm-post-content-all-wrapper --> \r\n            <\/article>\r\n                        <article post-id=\"post-2675\" class=\"cvmm-post post-format--standard\" itemscope itemtype=\"http:\/\/schema.org\/articleBody\">\r\n                                                <div class=\"cvmm-post-thumb\">\r\n                                <a href=\"https:\/\/horebnews.net\/index.php\/securite\/lutte-contre-le-grand-banditisme-en-milieu-urbain-la-police-nationale-demantele-trois-reseaux-de-malfrats-a-ouagadougou\/\" target=\"_self\"><img decoding=\"async\" src=\"https:\/\/horebnews.net\/wp-content\/uploads\/2026\/01\/605290409_1183622547285615_5203228696244669561_n-1.jpg\" alt=\"Lutte contre le grand banditisme en milieu urbain : La Police Nationale d\u00e9mant\u00e8le trois r\u00e9seaux de malfrats \u00e0 Ouagadougou.\"\/><\/a>\r\n                            <\/div>\r\n                    \r\n                <div class=\"cvmm-post-content-all-wrapper\">\r\n                                                <h2 class=\"cvmm-post-title\">\r\n                                <a href=\"https:\/\/horebnews.net\/index.php\/securite\/lutte-contre-le-grand-banditisme-en-milieu-urbain-la-police-nationale-demantele-trois-reseaux-de-malfrats-a-ouagadougou\/\" target=\"_self\">\r\n                                    Lutte contre le grand banditisme en milieu urbain : La Police Nationale d\u00e9mant\u00e8le trois r\u00e9seaux de malfrats \u00e0 Ouagadougou.                                <\/a>\r\n                            <\/h2>\r\n                    \r\n                    <div class=\"cvmm-post-meta cvmm-meta-icon-show\">\r\n                        <span class=\"cvmm-post-date cvmm-post-meta-item\" itemprop=\"datePublished\"><a href=\"https:\/\/horebnews.net\/index.php\/securite\/lutte-contre-le-grand-banditisme-en-milieu-urbain-la-police-nationale-demantele-trois-reseaux-de-malfrats-a-ouagadougou\/\" target=\"_self\">il y a 4 mois<\/a><\/span><span class=\"cvmm-post-author-name cvmm-post-meta-item\" itemprop=\"author\"><a href=\"https:\/\/horebnews.net\/index.php\/author\/demsco82\/\" target=\"_self\">Salvador Ki\u00e9br\u00e9<\/a><\/span><span class=\"cvmm-post-comments-wrap cvmm-post-meta-item\"><a href=\"https:\/\/horebnews.net\/index.php\/securite\/lutte-contre-le-grand-banditisme-en-milieu-urbain-la-police-nationale-demantele-trois-reseaux-de-malfrats-a-ouagadougou\/\/#comments\" target=\"_self\">0<span class=\"cvmm-comment-txt\">Comments<\/span><\/a><\/span>                    <\/div>\r\n                    <div class=\"cvmm-post-content\" itemprop=\"description\">Conform\u00e9ment \u00e0 ses missions r\u00e9galiennes de protection des personnes, des biens et des int\u00e9r\u00eats vitaux\u2026<\/div><div class=\"cvmm-read-more\"><a href=\"https:\/\/horebnews.net\/index.php\/securite\/lutte-contre-le-grand-banditisme-en-milieu-urbain-la-police-nationale-demantele-trois-reseaux-de-malfrats-a-ouagadougou\/\" target=\"_self\">LIRE PLUS<i class=\"fas fa-arrow-right\"><\/i><\/a><\/div>\r\n                <\/div><!-- .cvmm-post-content-all-wrapper --> \r\n            <\/article>\r\n                        <article post-id=\"post-2671\" class=\"cvmm-post post-format--standard\" itemscope itemtype=\"http:\/\/schema.org\/articleBody\">\r\n                                                <div class=\"cvmm-post-thumb\">\r\n                                <a href=\"https:\/\/horebnews.net\/index.php\/securite\/amelioration-de-loffre-securitaire-dans-la-region-de-nando-koudougou-accueille-le-tout-premier-commissariat-de-police-de-secteur\/\" target=\"_self\"><img decoding=\"async\" src=\"https:\/\/horebnews.net\/wp-content\/uploads\/2026\/01\/605285598_1183524217295448_3711607037145321678_n.jpg\" alt=\"Am\u00e9lioration de l\u2019offre s\u00e9curitaire dans la r\u00e9gion de Nando : Koudougou accueille le tout premier Commissariat de Police de Secteur.\"\/><\/a>\r\n                            <\/div>\r\n                    \r\n                <div class=\"cvmm-post-content-all-wrapper\">\r\n                                                <h2 class=\"cvmm-post-title\">\r\n                                <a href=\"https:\/\/horebnews.net\/index.php\/securite\/amelioration-de-loffre-securitaire-dans-la-region-de-nando-koudougou-accueille-le-tout-premier-commissariat-de-police-de-secteur\/\" target=\"_self\">\r\n                                    Am\u00e9lioration de l\u2019offre s\u00e9curitaire dans la r\u00e9gion de Nando : Koudougou accueille le tout premier Commissariat de Police de Secteur.                                <\/a>\r\n                            <\/h2>\r\n                    \r\n                    <div class=\"cvmm-post-meta cvmm-meta-icon-show\">\r\n                        <span class=\"cvmm-post-date cvmm-post-meta-item\" itemprop=\"datePublished\"><a href=\"https:\/\/horebnews.net\/index.php\/securite\/amelioration-de-loffre-securitaire-dans-la-region-de-nando-koudougou-accueille-le-tout-premier-commissariat-de-police-de-secteur\/\" target=\"_self\">il y a 4 mois<\/a><\/span><span class=\"cvmm-post-author-name cvmm-post-meta-item\" itemprop=\"author\"><a href=\"https:\/\/horebnews.net\/index.php\/author\/demsco82\/\" target=\"_self\">Salvador Ki\u00e9br\u00e9<\/a><\/span><span class=\"cvmm-post-comments-wrap cvmm-post-meta-item\"><a href=\"https:\/\/horebnews.net\/index.php\/securite\/amelioration-de-loffre-securitaire-dans-la-region-de-nando-koudougou-accueille-le-tout-premier-commissariat-de-police-de-secteur\/\/#comments\" target=\"_self\">0<span class=\"cvmm-comment-txt\">Comments<\/span><\/a><\/span>                    <\/div>\r\n                    <div class=\"cvmm-post-content\" itemprop=\"description\">Le jeudi 18 d\u00e9cembre 2025, le secteur n\u00b010 de la ville de Koudougou a accueilli\u2026<\/div><div class=\"cvmm-read-more\"><a href=\"https:\/\/horebnews.net\/index.php\/securite\/amelioration-de-loffre-securitaire-dans-la-region-de-nando-koudougou-accueille-le-tout-premier-commissariat-de-police-de-secteur\/\" target=\"_self\">LIRE PLUS<i class=\"fas fa-arrow-right\"><\/i><\/a><\/div>\r\n                <\/div><!-- .cvmm-post-content-all-wrapper --> \r\n            <\/article>\r\n                        <article post-id=\"post-2667\" class=\"cvmm-post post-format--standard\" itemscope itemtype=\"http:\/\/schema.org\/articleBody\">\r\n                                                <div class=\"cvmm-post-thumb\">\r\n                                <a href=\"https:\/\/horebnews.net\/index.php\/securite\/lutte-contre-la-criminalite-urbaine-deux-faux-fds-mis-aux-arrets-par-la-police-nationale-a-ouagadougou\/\" target=\"_self\"><img decoding=\"async\" src=\"https:\/\/horebnews.net\/wp-content\/uploads\/2026\/01\/600209997_1179020461079157_7957108998456103402_n.jpg\" alt=\"Lutte contre la criminalit\u00e9 urbaine : Deux faux \u00ab FDS \u00bb mis aux arr\u00eats par la Police Nationale \u00e0 Ouagadougou\"\/><\/a>\r\n                            <\/div>\r\n                    \r\n                <div class=\"cvmm-post-content-all-wrapper\">\r\n                                                <h2 class=\"cvmm-post-title\">\r\n                                <a href=\"https:\/\/horebnews.net\/index.php\/securite\/lutte-contre-la-criminalite-urbaine-deux-faux-fds-mis-aux-arrets-par-la-police-nationale-a-ouagadougou\/\" target=\"_self\">\r\n                                    Lutte contre la criminalit\u00e9 urbaine : Deux faux \u00ab FDS \u00bb mis aux arr\u00eats par la Police Nationale \u00e0 Ouagadougou                                <\/a>\r\n                            <\/h2>\r\n                    \r\n                    <div class=\"cvmm-post-meta cvmm-meta-icon-show\">\r\n                        <span class=\"cvmm-post-date cvmm-post-meta-item\" itemprop=\"datePublished\"><a href=\"https:\/\/horebnews.net\/index.php\/securite\/lutte-contre-la-criminalite-urbaine-deux-faux-fds-mis-aux-arrets-par-la-police-nationale-a-ouagadougou\/\" target=\"_self\">il y a 4 mois<\/a><\/span><span class=\"cvmm-post-author-name cvmm-post-meta-item\" itemprop=\"author\"><a href=\"https:\/\/horebnews.net\/index.php\/author\/demsco82\/\" target=\"_self\">Salvador Ki\u00e9br\u00e9<\/a><\/span><span class=\"cvmm-post-comments-wrap cvmm-post-meta-item\"><a href=\"https:\/\/horebnews.net\/index.php\/securite\/lutte-contre-la-criminalite-urbaine-deux-faux-fds-mis-aux-arrets-par-la-police-nationale-a-ouagadougou\/\/#comments\" target=\"_self\">0<span class=\"cvmm-comment-txt\">Comments<\/span><\/a><\/span>                    <\/div>\r\n                    <div class=\"cvmm-post-content\" itemprop=\"description\">Le Commissariat de Police de l\u2019Arrondissement (CPA) n\u00b005 de la ville de Ouagadougou a mis\u2026<\/div><div class=\"cvmm-read-more\"><a href=\"https:\/\/horebnews.net\/index.php\/securite\/lutte-contre-la-criminalite-urbaine-deux-faux-fds-mis-aux-arrets-par-la-police-nationale-a-ouagadougou\/\" target=\"_self\">LIRE PLUS<i class=\"fas fa-arrow-right\"><\/i><\/a><\/div>\r\n                <\/div><!-- .cvmm-post-content-all-wrapper --> \r\n            <\/article>\r\n                        <article post-id=\"post-2664\" class=\"cvmm-post post-format--standard\" itemscope itemtype=\"http:\/\/schema.org\/articleBody\">\r\n                                                <div class=\"cvmm-post-thumb\">\r\n                                <a href=\"https:\/\/horebnews.net\/index.php\/securite\/localite-de-solhan-le-detachement-de-gendarmerie-retablit-le-reseau-telephonique-au-profit-des-populations\/\" target=\"_self\"><img decoding=\"async\" src=\"https:\/\/horebnews.net\/wp-content\/uploads\/2026\/01\/585518879_1259358029555729_5514072625195077504_n.jpg\" alt=\"Localit\u00e9 de Solhan : le d\u00e9tachement de Gendarmerie r\u00e9tablit le r\u00e9seau t\u00e9l\u00e9phonique au profit des populations\"\/><\/a>\r\n                            <\/div>\r\n                    \r\n                <div class=\"cvmm-post-content-all-wrapper\">\r\n                                                <h2 class=\"cvmm-post-title\">\r\n                                <a href=\"https:\/\/horebnews.net\/index.php\/securite\/localite-de-solhan-le-detachement-de-gendarmerie-retablit-le-reseau-telephonique-au-profit-des-populations\/\" target=\"_self\">\r\n                                    Localit\u00e9 de Solhan : le d\u00e9tachement de Gendarmerie r\u00e9tablit le r\u00e9seau t\u00e9l\u00e9phonique au profit des populations                                <\/a>\r\n                            <\/h2>\r\n                    \r\n                    <div class=\"cvmm-post-meta cvmm-meta-icon-show\">\r\n                        <span class=\"cvmm-post-date cvmm-post-meta-item\" itemprop=\"datePublished\"><a href=\"https:\/\/horebnews.net\/index.php\/securite\/localite-de-solhan-le-detachement-de-gendarmerie-retablit-le-reseau-telephonique-au-profit-des-populations\/\" target=\"_self\">il y a 4 mois<\/a><\/span><span class=\"cvmm-post-author-name cvmm-post-meta-item\" itemprop=\"author\"><a href=\"https:\/\/horebnews.net\/index.php\/author\/demsco82\/\" target=\"_self\">Salvador Ki\u00e9br\u00e9<\/a><\/span><span class=\"cvmm-post-comments-wrap cvmm-post-meta-item\"><a href=\"https:\/\/horebnews.net\/index.php\/securite\/localite-de-solhan-le-detachement-de-gendarmerie-retablit-le-reseau-telephonique-au-profit-des-populations\/\/#comments\" target=\"_self\">0<span class=\"cvmm-comment-txt\">Comments<\/span><\/a><\/span>                    <\/div>\r\n                    <div class=\"cvmm-post-content\" itemprop=\"description\">Apr\u00e8s plusieurs jours sans r\u00e9seau t\u00e9l\u00e9phonique, les populations de la localit\u00e9 de Solhan b\u00e9n\u00e9ficient de\u2026<\/div><div class=\"cvmm-read-more\"><a href=\"https:\/\/horebnews.net\/index.php\/securite\/localite-de-solhan-le-detachement-de-gendarmerie-retablit-le-reseau-telephonique-au-profit-des-populations\/\" target=\"_self\">LIRE PLUS<i class=\"fas fa-arrow-right\"><\/i><\/a><\/div>\r\n                <\/div><!-- .cvmm-post-content-all-wrapper --> \r\n            <\/article>\r\n                        <article post-id=\"post-2650\" class=\"cvmm-post post-format--standard\" itemscope itemtype=\"http:\/\/schema.org\/articleBody\">\r\n                                                <div class=\"cvmm-post-thumb\">\r\n                                <a href=\"https:\/\/horebnews.net\/index.php\/securite\/office-national-didentification-lantenne-regionale-de-nando-sacree-meilleure-antenne-2025\/\" target=\"_self\"><img decoding=\"async\" src=\"https:\/\/horebnews.net\/wp-content\/uploads\/2026\/01\/meilleur-antenne1_n.jpg\" alt=\"Office National d\u2019Identification : l\u2019antenne r\u00e9gionale de Nando sacr\u00e9e meilleure antenne 2025.\"\/><\/a>\r\n                            <\/div>\r\n                    \r\n                <div class=\"cvmm-post-content-all-wrapper\">\r\n                                                <h2 class=\"cvmm-post-title\">\r\n                                <a href=\"https:\/\/horebnews.net\/index.php\/securite\/office-national-didentification-lantenne-regionale-de-nando-sacree-meilleure-antenne-2025\/\" target=\"_self\">\r\n                                    Office National d\u2019Identification : l\u2019antenne r\u00e9gionale de Nando sacr\u00e9e meilleure antenne 2025.                                <\/a>\r\n                            <\/h2>\r\n                    \r\n                    <div class=\"cvmm-post-meta cvmm-meta-icon-show\">\r\n                        <span class=\"cvmm-post-date cvmm-post-meta-item\" itemprop=\"datePublished\"><a href=\"https:\/\/horebnews.net\/index.php\/securite\/office-national-didentification-lantenne-regionale-de-nando-sacree-meilleure-antenne-2025\/\" target=\"_self\">il y a 4 mois<\/a><\/span><span class=\"cvmm-post-author-name cvmm-post-meta-item\" itemprop=\"author\"><a href=\"https:\/\/horebnews.net\/index.php\/author\/demsco82\/\" target=\"_self\">Salvador Ki\u00e9br\u00e9<\/a><\/span><span class=\"cvmm-post-comments-wrap cvmm-post-meta-item\"><a href=\"https:\/\/horebnews.net\/index.php\/securite\/office-national-didentification-lantenne-regionale-de-nando-sacree-meilleure-antenne-2025\/\/#comments\" target=\"_self\">0<span class=\"cvmm-comment-txt\">Comments<\/span><\/a><\/span>                    <\/div>\r\n                    <div class=\"cvmm-post-content\" itemprop=\"description\">L\u2019Office National d\u2019Identification (ONI) a salu\u00e9 le m\u00e9rite de ces meilleurs agents, et de ces\u2026<\/div><div class=\"cvmm-read-more\"><a href=\"https:\/\/horebnews.net\/index.php\/securite\/office-national-didentification-lantenne-regionale-de-nando-sacree-meilleure-antenne-2025\/\" target=\"_self\">LIRE PLUS<i class=\"fas fa-arrow-right\"><\/i><\/a><\/div>\r\n                <\/div><!-- .cvmm-post-content-all-wrapper --> \r\n            <\/article>\r\n            <\/div>                <\/div><!-- #wpmagazine-modules-post-list-block -->\r\n        ","protected":false},"excerpt":{"rendered":"","protected":false},"author":1,"featured_media":0,"parent":0,"menu_order":0,"comment_status":"closed","ping_status":"closed","template":"","meta":{"footnotes":""},"yoast_head":"<!-- This site is optimized with the Yoast SEO plugin v22.9 - https:\/\/yoast.com\/wordpress\/plugins\/seo\/ -->\n<title>S\u00c9CURIT\u00c9 - HOREBNEWS<\/title>\n<meta name=\"robots\" content=\"index, follow, max-snippet:-1, max-image-preview:large, max-video-preview:-1\" \/>\n<link rel=\"canonical\" href=\"https:\/\/horebnews.net\/index.php\/securite\/\" \/>\n<meta property=\"og:locale\" content=\"fr_FR\" \/>\n<meta property=\"og:type\" content=\"article\" \/>\n<meta property=\"og:title\" content=\"S\u00c9CURIT\u00c9 - HOREBNEWS\" \/>\n<meta property=\"og:url\" content=\"https:\/\/horebnews.net\/index.php\/securite\/\" \/>\n<meta property=\"og:site_name\" content=\"HOREBNEWS\" \/>\n<meta property=\"article:modified_time\" content=\"2024-06-23T00:41:49+00:00\" \/>\n<meta name=\"twitter:card\" content=\"summary_large_image\" \/>\n<script type=\"application\/ld+json\" class=\"yoast-schema-graph\">{\"@context\":\"https:\/\/schema.org\",\"@graph\":[{\"@type\":\"WebPage\",\"@id\":\"https:\/\/horebnews.net\/index.php\/securite\/\",\"url\":\"https:\/\/horebnews.net\/index.php\/securite\/\",\"name\":\"S\u00c9CURIT\u00c9 - HOREBNEWS\",\"isPartOf\":{\"@id\":\"https:\/\/horebnews.net\/#website\"},\"datePublished\":\"2024-06-23T00:25:12+00:00\",\"dateModified\":\"2024-06-23T00:41:49+00:00\",\"breadcrumb\":{\"@id\":\"https:\/\/horebnews.net\/index.php\/securite\/#breadcrumb\"},\"inLanguage\":\"fr-FR\",\"potentialAction\":[{\"@type\":\"ReadAction\",\"target\":[\"https:\/\/horebnews.net\/index.php\/securite\/\"]}]},{\"@type\":\"BreadcrumbList\",\"@id\":\"https:\/\/horebnews.net\/index.php\/securite\/#breadcrumb\",\"itemListElement\":[{\"@type\":\"ListItem\",\"position\":1,\"name\":\"Accueil\",\"item\":\"https:\/\/horebnews.net\/\"},{\"@type\":\"ListItem\",\"position\":2,\"name\":\"S\u00c9CURIT\u00c9\"}]},{\"@type\":\"WebSite\",\"@id\":\"https:\/\/horebnews.net\/#website\",\"url\":\"https:\/\/horebnews.net\/\",\"name\":\"HOREBNEWS\",\"description\":\"La vraie info\",\"publisher\":{\"@id\":\"https:\/\/horebnews.net\/#organization\"},\"potentialAction\":[{\"@type\":\"SearchAction\",\"target\":{\"@type\":\"EntryPoint\",\"urlTemplate\":\"https:\/\/horebnews.net\/?s={search_term_string}\"},\"query-input\":\"required name=search_term_string\"}],\"inLanguage\":\"fr-FR\"},{\"@type\":\"Organization\",\"@id\":\"https:\/\/horebnews.net\/#organization\",\"name\":\"HOREBNEWS\",\"url\":\"https:\/\/horebnews.net\/\",\"logo\":{\"@type\":\"ImageObject\",\"inLanguage\":\"fr-FR\",\"@id\":\"https:\/\/horebnews.net\/#\/schema\/logo\/image\/\",\"url\":\"http:\/\/horebnews.net\/wp-content\/uploads\/2024\/06\/Image-collee-7.png\",\"contentUrl\":\"http:\/\/horebnews.net\/wp-content\/uploads\/2024\/06\/Image-collee-7.png\",\"width\":399,\"height\":113,\"caption\":\"HOREBNEWS\"},\"image\":{\"@id\":\"https:\/\/horebnews.net\/#\/schema\/logo\/image\/\"}}]}<\/script>\n<!-- \/ Yoast SEO plugin. -->","yoast_head_json":{"title":"S\u00c9CURIT\u00c9 - HOREBNEWS","robots":{"index":"index","follow":"follow","max-snippet":"max-snippet:-1","max-image-preview":"max-image-preview:large","max-video-preview":"max-video-preview:-1"},"canonical":"https:\/\/horebnews.net\/index.php\/securite\/","og_locale":"fr_FR","og_type":"article","og_title":"S\u00c9CURIT\u00c9 - HOREBNEWS","og_url":"https:\/\/horebnews.net\/index.php\/securite\/","og_site_name":"HOREBNEWS","article_modified_time":"2024-06-23T00:41:49+00:00","twitter_card":"summary_large_image","schema":{"@context":"https:\/\/schema.org","@graph":[{"@type":"WebPage","@id":"https:\/\/horebnews.net\/index.php\/securite\/","url":"https:\/\/horebnews.net\/index.php\/securite\/","name":"S\u00c9CURIT\u00c9 - HOREBNEWS","isPartOf":{"@id":"https:\/\/horebnews.net\/#website"},"datePublished":"2024-06-23T00:25:12+00:00","dateModified":"2024-06-23T00:41:49+00:00","breadcrumb":{"@id":"https:\/\/horebnews.net\/index.php\/securite\/#breadcrumb"},"inLanguage":"fr-FR","potentialAction":[{"@type":"ReadAction","target":["https:\/\/horebnews.net\/index.php\/securite\/"]}]},{"@type":"BreadcrumbList","@id":"https:\/\/horebnews.net\/index.php\/securite\/#breadcrumb","itemListElement":[{"@type":"ListItem","position":1,"name":"Accueil","item":"https:\/\/horebnews.net\/"},{"@type":"ListItem","position":2,"name":"S\u00c9CURIT\u00c9"}]},{"@type":"WebSite","@id":"https:\/\/horebnews.net\/#website","url":"https:\/\/horebnews.net\/","name":"HOREBNEWS","description":"La vraie info","publisher":{"@id":"https:\/\/horebnews.net\/#organization"},"potentialAction":[{"@type":"SearchAction","target":{"@type":"EntryPoint","urlTemplate":"https:\/\/horebnews.net\/?s={search_term_string}"},"query-input":"required name=search_term_string"}],"inLanguage":"fr-FR"},{"@type":"Organization","@id":"https:\/\/horebnews.net\/#organization","name":"HOREBNEWS","url":"https:\/\/horebnews.net\/","logo":{"@type":"ImageObject","inLanguage":"fr-FR","@id":"https:\/\/horebnews.net\/#\/schema\/logo\/image\/","url":"http:\/\/horebnews.net\/wp-content\/uploads\/2024\/06\/Image-collee-7.png","contentUrl":"http:\/\/horebnews.net\/wp-content\/uploads\/2024\/06\/Image-collee-7.png","width":399,"height":113,"caption":"HOREBNEWS"},"image":{"@id":"https:\/\/horebnews.net\/#\/schema\/logo\/image\/"}}]}},"wpmagazine_modules_lite_featured_media_urls":{"thumbnail":"","cvmm-medium":"","cvmm-medium-plus":"","cvmm-portrait":"","cvmm-medium-square":"","cvmm-large":"","cvmm-small":"","full":""},"categories_names":null,"comments_number":"0","_links":{"self":[{"href":"https:\/\/horebnews.net\/index.php\/wp-json\/wp\/v2\/pages\/566"}],"collection":[{"href":"https:\/\/horebnews.net\/index.php\/wp-json\/wp\/v2\/pages"}],"about":[{"href":"https:\/\/horebnews.net\/index.php\/wp-json\/wp\/v2\/types\/page"}],"author":[{"embeddable":true,"href":"https:\/\/horebnews.net\/index.php\/wp-json\/wp\/v2\/users\/1"}],"replies":[{"embeddable":true,"href":"https:\/\/horebnews.net\/index.php\/wp-json\/wp\/v2\/comments?post=566"}],"version-history":[{"count":3,"href":"https:\/\/horebnews.net\/index.php\/wp-json\/wp\/v2\/pages\/566\/revisions"}],"predecessor-version":[{"id":585,"href":"https:\/\/horebnews.net\/index.php\/wp-json\/wp\/v2\/pages\/566\/revisions\/585"}],"wp:attachment":[{"href":"https:\/\/horebnews.net\/index.php\/wp-json\/wp\/v2\/media?parent=566"}],"curies":[{"name":"wp","href":"https:\/\/api.w.org\/{rel}","templated":true}]}}